{"id":119,"date":"2025-09-03T19:33:58","date_gmt":"2025-09-03T19:33:58","guid":{"rendered":"https:\/\/www.anfadahotel.com\/?page_id=119"},"modified":"2025-10-03T16:10:40","modified_gmt":"2025-10-03T16:10:40","slug":"promotions","status":"publish","type":"page","link":"https:\/\/www.anfadahotel.com\/vi\/promotions\/","title":{"rendered":"\u01afu \u0110\u00e3i"},"content":{"rendered":"<div class=\"wp-block-cover is-light\"><img loading=\"lazy\" decoding=\"async\" width=\"1024\" height=\"683\" class=\"wp-block-cover__image-background wp-image-59 size-large\" alt=\"\" src=\"https:\/\/www.anfadahotel.com\/wp-content\/uploads\/2025\/08\/0O6A9474-Custom-1024x683.jpg\" style=\"object-position:57% 77%\" data-object-fit=\"cover\" data-object-position=\"57% 77%\" srcset=\"https:\/\/www.anfadahotel.com\/wp-content\/uploads\/2025\/08\/0O6A9474-Custom-1024x683.jpg 1024w, https:\/\/www.anfadahotel.com\/wp-content\/uploads\/2025\/08\/0O6A9474-Custom-300x200.jpg 300w, https:\/\/www.anfadahotel.com\/wp-content\/uploads\/2025\/08\/0O6A9474-Custom-768x512.jpg 768w, https:\/\/www.anfadahotel.com\/wp-content\/uploads\/2025\/08\/0O6A9474-Custom-1536x1024.jpg 1536w, https:\/\/www.anfadahotel.com\/wp-content\/uploads\/2025\/08\/0O6A9474-Custom-2048x1366.jpg 2048w\" sizes=\"auto, (max-width: 1024px) 100vw, 1024px\" \/><span aria-hidden=\"true\" class=\"wp-block-cover__background has-foreground-background-color has-background-dim\"><\/span><div class=\"wp-block-cover__inner-container is-layout-constrained wp-block-cover-is-layout-constrained\">\n<h1 class=\"wp-block-heading has-text-align-center has-light-color-color has-text-color has-link-color has-xx-large-font-size wp-elements-b6244bcedca84fa9bfedf5566a2da688\"><strong>\u01afU \u0110\u00c3I<\/strong><\/h1>\n<\/div><\/div>\n\n\n\n<p class=\"has-custom-blue-color has-text-color has-link-color wp-elements-2f2879faf3320b82213fe55c16db6656\"><\/p>\n\n\n\n<div class=\"wp-block-group is-layout-constrained wp-container-core-group-is-layout-e5d03ee3 wp-block-group-is-layout-constrained\" style=\"margin-top:0;margin-bottom:0;padding-top:var(--wp--preset--spacing--70);padding-right:var(--wp--preset--spacing--40);padding-bottom:var(--wp--preset--spacing--70);padding-left:var(--wp--preset--spacing--40)\">\n<div class=\"wp-block-columns is-layout-flex wp-container-core-columns-is-layout-28f84493 wp-block-columns-is-layout-flex\">\n<div class=\"wp-block-column is-style-default is-layout-flow wp-block-column-is-layout-flow\" style=\"flex-basis:100%\"><div class=\"wp-block-latest-posts__list wp-elements-ce03bad6c3993129faf528f0bd368ca0 wp-block-advanced-posts-listing-advanced-posts-listing-block has-text-color has-custom-blue-color has-normal-font-size\"><style>\r\n            .grid-layout {\r\n                gap: 30px 20px !important; \r\n            }\r\n\r\n            @media (min-width: 992px) {\r\n                .grid-layout {\r\n                    grid-template-columns: repeat(3, 1fr) !important;\r\n                }\r\n            }\r\n            \r\n            \/* For very large screens *\/\r\n            @media (min-width: 1200px) {\r\n                .grid-layout {\r\n                    grid-template-columns: repeat(3, 1fr) !important;\r\n                }\r\n            }\r\n            <\/style><div class=\"wep-root\" ><div class=\"grid-layout\" ><div class=\"wep-card\">    <div class=\"wep-card-img\"><img decoding=\"async\" src=\"https:\/\/www.anfadahotel.com\/wp-content\/uploads\/2025\/11\/Nov-Sale-300x300.png\">        <span class=\"wep-chip\">\u01afu \u0110\u00e3i<\/span>    <\/div><div class=\"wep-card-body\"><div class=\"wep-card-heading\">    <h4 class=\"wep-card-title\"  > <a href=\"https:\/\/www.anfadahotel.com\/vi\/2025\/11\/02\/vietnamese-teachers-day-promotion\/\">M\u1eeaNG NG\u00c0Y NH\u00c0 GI\u00c1O VI\u1ec6T NAM 20\/11 - TRI \u00c2N TH\u1ea6Y C\u00d4 V\u1edaI \u01afU \u0110\u00c3I 10%<\/a>    <\/h4>    <div class=\"meta-data\" ><p>Th\u00e1ng m\u01b0\u1eddi m\u1ed9t 2, 2025 | Author: admin<\/p>    <\/div><\/div>    <div class=\"wep-card-text\" ><p>Th\u00e1ng tri \u00e2n, ANFADA Hotel t\u1eb7ng c\u00e1c th\u1ea7y c\u00f4 v\u00e0 ng\u01b0\u1eddi th\u00e2n m\u00f3n qu\u00e0 ngh\u1ec9 d\u01b0\u1ee1ng \u00fd ngh\u0129a s\u00e1t bi\u1ec3n M\u1ef9 Kh\u00ea (\u0110\u00e0 N\u1eb5ng) v\u1edbi \u01b0u \u0111\u00e3i gi\u1ea3m 10% to\u00e0n b\u1ed9 h\u1ea1ng ph\u00f2ng.    <\/p><\/div><\/div>    <div class=\"wep-card-footer\">        <a target=\"_blank\" href=\"https:\/\/www.anfadahotel.com\/vi\/2025\/11\/02\/vietnamese-teachers-day-promotion\/\" class=\"wep-btn wep-btn-primary\">\u0110\u1ecdc th\u00eam<\/a>    <\/div><\/div><div class=\"wep-card\">    <div class=\"wep-card-img\"><img decoding=\"async\" src=\"https:\/\/www.anfadahotel.com\/wp-content\/uploads\/2025\/11\/Orange-and-Yellow-Modern-11.11-Flash-Sale-Instagram-Post-300x300.png\">        <span class=\"wep-chip\">\u01afu \u0110\u00e3i<\/span>    <\/div><div class=\"wep-card-body\"><div class=\"wep-card-heading\">    <h4 class=\"wep-card-title\"  > <a href=\"https:\/\/www.anfadahotel.com\/vi\/2025\/11\/02\/promotion-autumn-promotion\/\">\u01afU \u0110\u00c3I M\u00d9A THU<\/a>    <\/h4>    <div class=\"meta-data\" ><p>Th\u00e1ng m\u01b0\u1eddi m\u1ed9t 2, 2025 | Author: admin<\/p>    <\/div><\/div>    <div class=\"wep-card-text\" ><p>T\u1eadn h\u01b0\u1edfng k\u1ec9 ngh\u1ec9 b\u00ecnh y\u00ean trong kh\u00f4ng kh\u00ed m\u00e1t m\u1ebb c\u1ee7a m\u00f9a thu \u0110\u00e0 N\u1eb5ng t\u1ea1i kh\u00e1ch s\u1ea1n ANFADA v\u1edbi \u01b0u \u0111\u00e3i h\u1ea5p d\u1eabn trong th\u00e1ng 11:\n\u2728Gi\u1ea3m gi\u00e1 to\u00e0n b\u1ed9 h\u1ea1ng ph\u00f2ng, ch\u1ec9 t\u1eeb 500,000 VND\/\u0111\u00eam \u2728    <\/p><\/div><\/div>    <div class=\"wep-card-footer\">        <a target=\"_blank\" href=\"https:\/\/www.anfadahotel.com\/vi\/2025\/11\/02\/promotion-autumn-promotion\/\" class=\"wep-btn wep-btn-primary\">\u0110\u1ecdc th\u00eam<\/a>    <\/div><\/div><div class=\"wep-card\">    <div class=\"wep-card-img\"><img decoding=\"async\" src=\"https:\/\/www.anfadahotel.com\/wp-content\/uploads\/2025\/10\/Special-e1759507984356-300x186.png\">        <span class=\"wep-chip\">\u01afu \u0110\u00e3i<\/span>    <\/div><div class=\"wep-card-body\"><div class=\"wep-card-heading\">    <h4 class=\"wep-card-title\"  > <a href=\"https:\/\/www.anfadahotel.com\/vi\/2025\/10\/03\/promotion-stay-more-get-more\/\">Stay More, Get More<\/a>    <\/h4>    <div class=\"meta-data\" ><p>Th\u00e1ng 10 3, 2025 | Author: admin<\/p>    <\/div><\/div>    <div class=\"wep-card-text\" ><p class=\"translation-block\">Qu\u00fd kh\u00e1ch \u0111ang t\u00ecm ki\u1ebfm m\u1ed9t chuy\u1ebfn ngh\u1ec9 d\u01b0\u1ee1ng v\u00e0o d\u1ecbp cu\u1ed1i n\u0103m? Th\u00e1ng 10 n\u00e0y, h\u00e3y t\u1eadn h\u01b0\u1edfng k\u00ec ngh\u1ec9 th\u01b0 gi\u00e3n v\u00e0 b\u00ecnh y\u00ean t\u1ea1i ANFADA Hotel Danang v\u1edbi \u01b0u \u0111\u00e3i si\u00eau h\u1ea5p d\u1eabn.<\/p><\/div><\/div>    <div class=\"wep-card-footer\">        <a target=\"_blank\" href=\"https:\/\/www.anfadahotel.com\/vi\/2025\/10\/03\/promotion-stay-more-get-more\/\" class=\"wep-btn wep-btn-primary\">\u0110\u1ecdc th\u00eam<\/a>    <\/div><\/div><\/div><\/div><\/div><\/div>\n<\/div>\n<\/div>\n\n\n\n<p class=\"has-custom-blue-color has-text-color has-link-color wp-elements-2f2879faf3320b82213fe55c16db6656\"><\/p>\n\n\n\n<p><\/p>","protected":false},"excerpt":{"rendered":"","protected":false},"author":1,"featured_media":0,"parent":0,"menu_order":0,"comment_status":"closed","ping_status":"closed","template":"fullwidth-page-template","meta":{"footnotes":""},"class_list":["post-119","page","type-page","status-publish","hentry"],"featured_image_url":[],"post_author":"admin","assigned_categories":"","_links":{"self":[{"href":"https:\/\/www.anfadahotel.com\/vi\/wp-json\/wp\/v2\/pages\/119","targetHints":{"allow":["GET"]}}],"collection":[{"href":"https:\/\/www.anfadahotel.com\/vi\/wp-json\/wp\/v2\/pages"}],"about":[{"href":"https:\/\/www.anfadahotel.com\/vi\/wp-json\/wp\/v2\/types\/page"}],"author":[{"embeddable":true,"href":"https:\/\/www.anfadahotel.com\/vi\/wp-json\/wp\/v2\/users\/1"}],"replies":[{"embeddable":true,"href":"https:\/\/www.anfadahotel.com\/vi\/wp-json\/wp\/v2\/comments?post=119"}],"version-history":[{"count":7,"href":"https:\/\/www.anfadahotel.com\/vi\/wp-json\/wp\/v2\/pages\/119\/revisions"}],"predecessor-version":[{"id":1235,"href":"https:\/\/www.anfadahotel.com\/vi\/wp-json\/wp\/v2\/pages\/119\/revisions\/1235"}],"wp:attachment":[{"href":"https:\/\/www.anfadahotel.com\/vi\/wp-json\/wp\/v2\/media?parent=119"}],"curies":[{"name":"wp","href":"https:\/\/api.w.org\/{rel}","templated":true}]}}