{"id":511,"date":"2025-09-03T18:55:17","date_gmt":"2025-09-03T18:55:17","guid":{"rendered":"https:\/\/www.anfadahotel.com\/?page_id=511"},"modified":"2025-09-27T02:55:33","modified_gmt":"2025-09-27T02:55:33","slug":"services","status":"publish","type":"page","link":"https:\/\/www.anfadahotel.com\/vi\/services\/","title":{"rendered":"D\u1ecbch V\u1ee5"},"content":{"rendered":"<div class=\"wp-block-cover is-light\"><img loading=\"lazy\" decoding=\"async\" width=\"2560\" height=\"1707\" class=\"wp-block-cover__image-background wp-image-37 size-full\" alt=\"\" src=\"https:\/\/www.anfadahotel.com\/wp-content\/uploads\/2025\/08\/0O6A9855-1-scaled.jpg\" style=\"object-position:50% 76%\" data-object-fit=\"cover\" data-object-position=\"50% 76%\" srcset=\"https:\/\/www.anfadahotel.com\/wp-content\/uploads\/2025\/08\/0O6A9855-1-scaled.jpg 2560w, https:\/\/www.anfadahotel.com\/wp-content\/uploads\/2025\/08\/0O6A9855-1-300x200.jpg 300w, https:\/\/www.anfadahotel.com\/wp-content\/uploads\/2025\/08\/0O6A9855-1-1024x683.jpg 1024w, https:\/\/www.anfadahotel.com\/wp-content\/uploads\/2025\/08\/0O6A9855-1-768x512.jpg 768w, https:\/\/www.anfadahotel.com\/wp-content\/uploads\/2025\/08\/0O6A9855-1-1536x1024.jpg 1536w, https:\/\/www.anfadahotel.com\/wp-content\/uploads\/2025\/08\/0O6A9855-1-2048x1365.jpg 2048w\" sizes=\"auto, (max-width: 2560px) 100vw, 2560px\" \/><span aria-hidden=\"true\" class=\"wp-block-cover__background has-background-dim\" style=\"background-color:#6fb6e8\"><\/span><div class=\"wp-block-cover__inner-container is-layout-constrained wp-block-cover-is-layout-constrained\">\n<h1 class=\"wp-block-heading has-text-align-center has-light-color-color has-text-color has-link-color has-xx-large-font-size wp-elements-a7143ea60592d65ed6cfa178e9f15953\"><strong>SERVICES<\/strong><\/h1>\n<\/div><\/div>\n\n\n\n<div class=\"wp-block-group has-light-color-background-color has-background is-layout-constrained wp-container-core-group-is-layout-7a3688e9 wp-block-group-is-layout-constrained\">\n<div class=\"wp-block-columns is-layout-flex wp-container-core-columns-is-layout-b6b85904 wp-block-columns-is-layout-flex\" style=\"border-style:none;border-width:0px;margin-top:0;margin-bottom:0\">\n<div class=\"wp-block-column is-layout-flow wp-container-core-column-is-layout-5dafc681 wp-block-column-is-layout-flow\">\n<h2 class=\"wp-block-heading has-black-color has-text-color has-link-color wp-elements-9a71257c749c9497392bcf2a4607d9cd\" style=\"padding-right:var(--wp--preset--spacing--20);padding-left:var(--wp--preset--spacing--20)\">2 <strong>H\u1ed3 B\u01a1i Rooftop<\/strong><\/h2>\n\n\n\n<p class=\"has-text-align-left has-dark-color-color has-text-color has-link-color has-medium-font-size wp-elements-5fac5749c67db15cb4c47f9c527b705e\" style=\"padding-top:0;padding-right:var(--wp--preset--spacing--20);padding-bottom:0;padding-left:var(--wp--preset--spacing--20)\">Th\u01b0 gi\u00e3n trong kh\u00f4ng gian tho\u00e1ng \u0111\u00e3ng v\u00e0 chi\u00eam ng\u01b0\u1ee1ng to\u00e0n c\u1ea3nh bi\u1ec3n c\u00f9ng th\u00e0nh ph\u1ed1 \u0110\u00e0 N\u1eb5ng t\u1eeb 2 h\u1ed3 b\u01a1i rooftop<\/p>\n\n\n\n<p class=\"has-dark-color-color has-text-color has-link-color has-normal-font-size wp-elements-0441187918c7c97f5c309c21dae15f93\" style=\"padding-top:0;padding-right:var(--wp--preset--spacing--20);padding-bottom:0;padding-left:var(--wp--preset--spacing--20)\"><strong>\u0110\u1ecba \u0111i\u1ec3m:&nbsp;<\/strong>16<\/p>\n<\/div>\n\n\n\n<div class=\"wp-block-column is-layout-flow wp-block-column-is-layout-flow\">\n<figure class=\"wp-block-image size-large\"><img loading=\"lazy\" decoding=\"async\" width=\"1024\" height=\"683\" src=\"https:\/\/www.anfadahotel.com\/wp-content\/uploads\/2025\/08\/0O6A9842-1-1024x683.jpg\" alt=\"\" class=\"wp-image-489\" srcset=\"https:\/\/www.anfadahotel.com\/wp-content\/uploads\/2025\/08\/0O6A9842-1-1024x683.jpg 1024w, https:\/\/www.anfadahotel.com\/wp-content\/uploads\/2025\/08\/0O6A9842-1-300x200.jpg 300w, https:\/\/www.anfadahotel.com\/wp-content\/uploads\/2025\/08\/0O6A9842-1-768x512.jpg 768w, https:\/\/www.anfadahotel.com\/wp-content\/uploads\/2025\/08\/0O6A9842-1-1536x1024.jpg 1536w, https:\/\/www.anfadahotel.com\/wp-content\/uploads\/2025\/08\/0O6A9842-1-2048x1365.jpg 2048w\" sizes=\"auto, (max-width: 1024px) 100vw, 1024px\" \/><\/figure>\n<\/div>\n<\/div>\n\n\n\n<div style=\"height:35px\" aria-hidden=\"true\" class=\"wp-block-spacer\"><\/div>\n\n\n\n<div class=\"wp-block-columns is-layout-flex wp-container-core-columns-is-layout-b6b85904 wp-block-columns-is-layout-flex\" style=\"border-style:none;border-width:0px;margin-top:0;margin-bottom:0\">\n<div class=\"wp-block-column is-layout-flow wp-block-column-is-layout-flow\">\n<figure class=\"wp-block-image size-large\" style=\"margin-top:0;margin-right:0;margin-bottom:0;margin-left:0\"><img loading=\"lazy\" decoding=\"async\" width=\"1024\" height=\"684\" src=\"https:\/\/www.anfadahotel.com\/wp-content\/uploads\/2025\/09\/58ccb3b948d5ab8bf2c4-1024x684.jpg\" alt=\"\" class=\"wp-image-490\" srcset=\"https:\/\/www.anfadahotel.com\/wp-content\/uploads\/2025\/09\/58ccb3b948d5ab8bf2c4-1024x684.jpg 1024w, https:\/\/www.anfadahotel.com\/wp-content\/uploads\/2025\/09\/58ccb3b948d5ab8bf2c4-300x200.jpg 300w, https:\/\/www.anfadahotel.com\/wp-content\/uploads\/2025\/09\/58ccb3b948d5ab8bf2c4-768x513.jpg 768w, https:\/\/www.anfadahotel.com\/wp-content\/uploads\/2025\/09\/58ccb3b948d5ab8bf2c4-1536x1025.jpg 1536w, https:\/\/www.anfadahotel.com\/wp-content\/uploads\/2025\/09\/58ccb3b948d5ab8bf2c4.jpg 2048w\" sizes=\"auto, (max-width: 1024px) 100vw, 1024px\" \/><\/figure>\n<\/div>\n\n\n\n<div class=\"wp-block-column is-layout-flow wp-container-core-column-is-layout-1b6dd7fb wp-block-column-is-layout-flow\" style=\"border-style:none;border-width:0px;padding-top:0;padding-right:var(--wp--preset--spacing--40);padding-bottom:0;padding-left:var(--wp--preset--spacing--40)\">\n<h2 class=\"wp-block-heading has-custom-blue-color has-text-color has-link-color wp-elements-9d9f6674de4d9500908a53da1bef1a7b\" style=\"padding-right:var(--wp--preset--spacing--20);padding-left:var(--wp--preset--spacing--20)\"><strong>Gym<\/strong><\/h2>\n\n\n\n<p class=\"has-text-align-left has-dark-color-color has-text-color has-link-color has-medium-font-size wp-elements-bed0f92cd97d61f89ee91a4a26eedd2d\" style=\"padding-top:0;padding-right:var(--wp--preset--spacing--20);padding-bottom:0;padding-left:var(--wp--preset--spacing--20)\">Duy tr\u00ec s\u1ee9c kho\u1ebb d\u1ebbo dai t\u1ea1i ph\u00f2ng gym \u0111\u1ea7y \u0111\u1ee7 ti\u1ec7n nghi<\/p>\n\n\n\n<p class=\"has-dark-color-color has-text-color has-link-color has-normal-font-size wp-elements-544879172fe70a1afd4ae8d9fe6fe701\" style=\"padding-right:var(--wp--preset--spacing--20);padding-left:var(--wp--preset--spacing--20)\"><strong>\u0110\u1ecba \u0111i\u1ec3m:&nbsp;<\/strong>16<\/p>\n<\/div>\n<\/div>\n\n\n\n<div style=\"height:35px\" aria-hidden=\"true\" class=\"wp-block-spacer\"><\/div>\n\n\n\n<div class=\"wp-block-columns is-layout-flex wp-container-core-columns-is-layout-b6b85904 wp-block-columns-is-layout-flex\" style=\"border-style:none;border-width:0px;margin-top:0;margin-bottom:0\">\n<div class=\"wp-block-column is-layout-flow wp-container-core-column-is-layout-5dafc681 wp-block-column-is-layout-flow\">\n<h2 class=\"wp-block-heading has-black-color has-text-color has-link-color wp-elements-57db9ceb56c42563d675737f6f34e738\" style=\"padding-right:var(--wp--preset--spacing--20);padding-left:var(--wp--preset--spacing--20)\"><strong>Nh\u00e0 H\u00e0ng &amp; Rooftop Bar<\/strong> <strong>Bar<\/strong><\/h2>\n\n\n\n<p class=\"has-text-align-left has-dark-color-color has-text-color has-link-color has-medium-font-size wp-elements-55468eca8d91df429cdbffb6564f71a3\" style=\"padding-top:0;padding-right:var(--wp--preset--spacing--20);padding-bottom:0;padding-left:var(--wp--preset--spacing--20)\">Th\u01b0\u1edfng th\u1ee9c h\u01b0\u01a1ng v\u1ecb \u1ea9m th\u1ef1c \u0111a d\u1ea1ng t\u1ea1i nh\u00e0 h\u00e0ng v\u00e0 th\u01b0 gi\u00e3n c\u00f9ng nh\u1eefng ly \u0111\u1ed3 u\u1ed1ng \u0111\u1eb7c tr\u01b0ng t\u1ea1i rooftop bar<\/p>\n\n\n\n<p class=\"has-dark-color-color has-text-color has-link-color has-normal-font-size wp-elements-c8a9cd483be990e6b1a690495c425ae0\" style=\"padding-top:0;padding-right:var(--wp--preset--spacing--20);padding-bottom:0;padding-left:var(--wp--preset--spacing--20)\"><strong>Nh\u00e0 H\u00e0ng&nbsp;<\/strong>T\u1ea7ng 3<\/p>\n\n\n\n<p class=\"has-dark-color-color has-text-color has-link-color has-normal-font-size wp-elements-48fb35750599db45af7d3924fa7d69de\" style=\"padding-top:0;padding-right:var(--wp--preset--spacing--20);padding-bottom:0;padding-left:var(--wp--preset--spacing--20)\"><strong>Rooftop Bar: <\/strong>16<\/p>\n<\/div>\n\n\n\n<div class=\"wp-block-column is-layout-flow wp-block-column-is-layout-flow\">\n<figure class=\"wp-block-image size-large\"><img loading=\"lazy\" decoding=\"async\" width=\"1024\" height=\"682\" src=\"https:\/\/www.anfadahotel.com\/wp-content\/uploads\/2025\/08\/MX2A1479_HDR-2-1024x682.jpg\" alt=\"\" class=\"wp-image-495\" srcset=\"https:\/\/www.anfadahotel.com\/wp-content\/uploads\/2025\/08\/MX2A1479_HDR-2-1024x682.jpg 1024w, https:\/\/www.anfadahotel.com\/wp-content\/uploads\/2025\/08\/MX2A1479_HDR-2-300x200.jpg 300w, https:\/\/www.anfadahotel.com\/wp-content\/uploads\/2025\/08\/MX2A1479_HDR-2-768x512.jpg 768w, https:\/\/www.anfadahotel.com\/wp-content\/uploads\/2025\/08\/MX2A1479_HDR-2-1536x1023.jpg 1536w, https:\/\/www.anfadahotel.com\/wp-content\/uploads\/2025\/08\/MX2A1479_HDR-2-2048x1365.jpg 2048w\" sizes=\"auto, (max-width: 1024px) 100vw, 1024px\" \/><\/figure>\n<\/div>\n<\/div>\n\n\n\n<div style=\"height:35px\" aria-hidden=\"true\" class=\"wp-block-spacer\"><\/div>\n\n\n\n<div class=\"wp-block-columns is-layout-flex wp-container-core-columns-is-layout-b6b85904 wp-block-columns-is-layout-flex\" style=\"border-style:none;border-width:0px;margin-top:0;margin-bottom:0\">\n<div class=\"wp-block-column is-layout-flow wp-block-column-is-layout-flow\">\n<figure class=\"wp-block-image size-large\" style=\"margin-top:0;margin-right:0;margin-bottom:0;margin-left:0\"><img loading=\"lazy\" decoding=\"async\" width=\"1024\" height=\"576\" src=\"https:\/\/www.anfadahotel.com\/wp-content\/uploads\/2025\/09\/z3833315433033_dda9a24b87d7864b6a1e68998f1d84aa-1024x576.jpg\" alt=\"\" class=\"wp-image-486\" srcset=\"https:\/\/www.anfadahotel.com\/wp-content\/uploads\/2025\/09\/z3833315433033_dda9a24b87d7864b6a1e68998f1d84aa-1024x576.jpg 1024w, https:\/\/www.anfadahotel.com\/wp-content\/uploads\/2025\/09\/z3833315433033_dda9a24b87d7864b6a1e68998f1d84aa-300x169.jpg 300w, https:\/\/www.anfadahotel.com\/wp-content\/uploads\/2025\/09\/z3833315433033_dda9a24b87d7864b6a1e68998f1d84aa-768x432.jpg 768w, https:\/\/www.anfadahotel.com\/wp-content\/uploads\/2025\/09\/z3833315433033_dda9a24b87d7864b6a1e68998f1d84aa-1536x864.jpg 1536w, https:\/\/www.anfadahotel.com\/wp-content\/uploads\/2025\/09\/z3833315433033_dda9a24b87d7864b6a1e68998f1d84aa-2048x1152.jpg 2048w\" sizes=\"auto, (max-width: 1024px) 100vw, 1024px\" \/><\/figure>\n<\/div>\n\n\n\n<div class=\"wp-block-column is-layout-flow wp-container-core-column-is-layout-1b6dd7fb wp-block-column-is-layout-flow\" style=\"border-style:none;border-width:0px;padding-top:0;padding-right:var(--wp--preset--spacing--40);padding-bottom:0;padding-left:var(--wp--preset--spacing--40)\">\n<h2 class=\"wp-block-heading has-custom-blue-color has-text-color has-link-color wp-elements-a32c5784272aae746091777d33889368\" style=\"padding-right:var(--wp--preset--spacing--20);padding-left:var(--wp--preset--spacing--20)\"><strong>Ph\u00f2ng H\u1ed9i Ngh\u1ecb<\/strong><\/h2>\n\n\n\n<p class=\"has-text-align-left has-dark-color-color has-text-color has-link-color has-medium-font-size wp-elements-5139ab443e16042f66a5c8c8bc2af4d9\" style=\"padding-top:0;padding-right:var(--wp--preset--spacing--20);padding-bottom:0;padding-left:var(--wp--preset--spacing--20)\">L\u1ef1a ch\u1ecdn l\u00ed t\u01b0\u1edfng \u0111\u1ec3 t\u1ed5 ch\u1ee9c c\u00e1c bu\u1ed5i h\u1ecdp, h\u1ed9i th\u1ea3o v\u00e0 s\u1ef1 ki\u1ec7n doanh nghi\u1ec7p<\/p>\n\n\n\n<p class=\"has-dark-color-color has-text-color has-link-color has-normal-font-size wp-elements-8873701a796145b6c0458a73d8601349\" style=\"padding-right:var(--wp--preset--spacing--20);padding-left:var(--wp--preset--spacing--20)\"><strong>\u0110\u1ecba \u0111i\u1ec3m:&nbsp;<\/strong>2nd floor<\/p>\n<\/div>\n<\/div>\n\n\n\n<div style=\"height:35px\" aria-hidden=\"true\" class=\"wp-block-spacer\"><\/div>\n\n\n\n<div class=\"wp-block-columns is-layout-flex wp-container-core-columns-is-layout-b6b85904 wp-block-columns-is-layout-flex\" style=\"border-style:none;border-width:0px;margin-top:0;margin-bottom:0\">\n<div class=\"wp-block-column is-layout-flow wp-container-core-column-is-layout-5dafc681 wp-block-column-is-layout-flow\">\n<h2 class=\"wp-block-heading has-black-color has-text-color has-link-color wp-elements-301807947bfe36bec7819c23f1c7f616\" style=\"padding-right:var(--wp--preset--spacing--20);padding-left:var(--wp--preset--spacing--20)\"><strong>Ph\u00f2ng Gi\u1ea3i Tr\u00ed <\/strong><\/h2>\n\n\n\n<p class=\"has-text-align-left has-dark-color-color has-text-color has-link-color has-medium-font-size wp-elements-ef24ca6f67406c33daca1d67ca6afe44\" style=\"padding-top:0;padding-right:var(--wp--preset--spacing--20);padding-bottom:0;padding-left:var(--wp--preset--spacing--20)\">Tr\u1ea3i nghi\u1ec7m nh\u1eefng gi\u00e2y ph\u00fat th\u01b0 gi\u00e3n t\u1ea1i ph\u00f2ng gi\u1ea3i tr\u00ed v\u1edbi b\u00e0n bi-a v\u00e0 b\u00e0n \u0111\u00e1 banh<\/p>\n\n\n\n<p class=\"has-dark-color-color has-text-color has-link-color has-normal-font-size wp-elements-d571866637f30f8c0d4e5ef28cb58cbe\" style=\"padding-top:0;padding-right:var(--wp--preset--spacing--20);padding-bottom:0;padding-left:var(--wp--preset--spacing--20)\"><strong>Locationt:&nbsp;<\/strong>T\u1ea7ng tr\u1ec7t<\/p>\n<\/div>\n\n\n\n<div class=\"wp-block-column is-layout-flow wp-block-column-is-layout-flow\">\n<figure class=\"wp-block-image size-large\"><img loading=\"lazy\" decoding=\"async\" width=\"1024\" height=\"683\" src=\"https:\/\/www.anfadahotel.com\/wp-content\/uploads\/2025\/09\/MX2A1607_HDR-2-1024x683.jpg\" alt=\"\" class=\"wp-image-496\" srcset=\"https:\/\/www.anfadahotel.com\/wp-content\/uploads\/2025\/09\/MX2A1607_HDR-2-1024x683.jpg 1024w, https:\/\/www.anfadahotel.com\/wp-content\/uploads\/2025\/09\/MX2A1607_HDR-2-300x200.jpg 300w, https:\/\/www.anfadahotel.com\/wp-content\/uploads\/2025\/09\/MX2A1607_HDR-2-768x512.jpg 768w, https:\/\/www.anfadahotel.com\/wp-content\/uploads\/2025\/09\/MX2A1607_HDR-2-1536x1024.jpg 1536w, https:\/\/www.anfadahotel.com\/wp-content\/uploads\/2025\/09\/MX2A1607_HDR-2-2048x1365.jpg 2048w\" sizes=\"auto, (max-width: 1024px) 100vw, 1024px\" \/><\/figure>\n<\/div>\n<\/div>\n\n\n\n<div style=\"height:35px\" aria-hidden=\"true\" class=\"wp-block-spacer\"><\/div>\n\n\n\n<div class=\"wp-block-columns is-layout-flex wp-container-core-columns-is-layout-b6b85904 wp-block-columns-is-layout-flex\" style=\"border-style:none;border-width:0px;margin-top:0;margin-bottom:0\">\n<div class=\"wp-block-column is-layout-flow wp-block-column-is-layout-flow\">\n<figure class=\"wp-block-image size-large\" style=\"margin-top:0;margin-right:0;margin-bottom:0;margin-left:0\"><img loading=\"lazy\" decoding=\"async\" width=\"1024\" height=\"683\" src=\"https:\/\/www.anfadahotel.com\/wp-content\/uploads\/2025\/08\/MX2A1460_HDR-2-1024x683.jpg\" alt=\"\" class=\"wp-image-498\" srcset=\"https:\/\/www.anfadahotel.com\/wp-content\/uploads\/2025\/08\/MX2A1460_HDR-2-1024x683.jpg 1024w, https:\/\/www.anfadahotel.com\/wp-content\/uploads\/2025\/08\/MX2A1460_HDR-2-300x200.jpg 300w, https:\/\/www.anfadahotel.com\/wp-content\/uploads\/2025\/08\/MX2A1460_HDR-2-768x512.jpg 768w, https:\/\/www.anfadahotel.com\/wp-content\/uploads\/2025\/08\/MX2A1460_HDR-2-1536x1024.jpg 1536w, https:\/\/www.anfadahotel.com\/wp-content\/uploads\/2025\/08\/MX2A1460_HDR-2-2048x1365.jpg 2048w\" sizes=\"auto, (max-width: 1024px) 100vw, 1024px\" \/><\/figure>\n<\/div>\n\n\n\n<div class=\"wp-block-column is-layout-flow wp-container-core-column-is-layout-1b6dd7fb wp-block-column-is-layout-flow\" style=\"border-style:none;border-width:0px;padding-top:0;padding-right:var(--wp--preset--spacing--40);padding-bottom:0;padding-left:var(--wp--preset--spacing--40)\">\n<h2 class=\"wp-block-heading has-custom-blue-color has-text-color has-link-color wp-elements-cd3712b618108daf41922315ffbfcbc0\" style=\"padding-right:var(--wp--preset--spacing--20);padding-left:var(--wp--preset--spacing--20)\"><strong>Ph\u00f2ng Ch\u01a1i Tr\u1ebb Em<\/strong><\/h2>\n\n\n\n<p class=\"has-text-align-left has-dark-color-color has-text-color has-link-color has-medium-font-size wp-elements-97953225377a88e8734f4430d6bc2e70\" style=\"padding-top:0;padding-right:var(--wp--preset--spacing--20);padding-bottom:0;padding-left:var(--wp--preset--spacing--20)\">T\u1eadn h\u01b0\u1edfng nh\u1eefng kho\u1ea3nh kh\u1eafc vui ch\u01a1i tr\u1ecdn v\u1eb9n c\u00f9ng con t\u1ea1i ph\u00f2ng ch\u01a1i tr\u1ebb em<\/p>\n\n\n\n<p class=\"has-dark-color-color has-text-color has-link-color has-normal-font-size wp-elements-8873701a796145b6c0458a73d8601349\" style=\"padding-right:var(--wp--preset--spacing--20);padding-left:var(--wp--preset--spacing--20)\"><strong>\u0110\u1ecba \u0111i\u1ec3m:&nbsp;<\/strong>2nd floor<\/p>\n<\/div>\n<\/div>\n<\/div>","protected":false},"excerpt":{"rendered":"<p>2 Rooftop Swimming Pools Enjoy the relaxing space and panoramic views of Da Nang&#8217;s sea and cityscape with our 2 swimming pools Location:&nbsp;16th floor Gym Stay active at our modern, well-equipped gym Location:&nbsp;16th floor Restaurant &amp; Rooftop Bar Savor diverse flavors at our restaurant and unwind with signature drinks at our rooftop bar Restaurant:&nbsp;3rd floor&#8230;<\/p>","protected":false},"author":1,"featured_media":0,"parent":0,"menu_order":0,"comment_status":"closed","ping_status":"closed","template":"fullwidth-page-template","meta":{"footnotes":""},"class_list":["post-511","page","type-page","status-publish","hentry"],"featured_image_url":[],"post_author":"admin","assigned_categories":"","_links":{"self":[{"href":"https:\/\/www.anfadahotel.com\/vi\/wp-json\/wp\/v2\/pages\/511","targetHints":{"allow":["GET"]}}],"collection":[{"href":"https:\/\/www.anfadahotel.com\/vi\/wp-json\/wp\/v2\/pages"}],"about":[{"href":"https:\/\/www.anfadahotel.com\/vi\/wp-json\/wp\/v2\/types\/page"}],"author":[{"embeddable":true,"href":"https:\/\/www.anfadahotel.com\/vi\/wp-json\/wp\/v2\/users\/1"}],"replies":[{"embeddable":true,"href":"https:\/\/www.anfadahotel.com\/vi\/wp-json\/wp\/v2\/comments?post=511"}],"version-history":[{"count":15,"href":"https:\/\/www.anfadahotel.com\/vi\/wp-json\/wp\/v2\/pages\/511\/revisions"}],"predecessor-version":[{"id":1158,"href":"https:\/\/www.anfadahotel.com\/vi\/wp-json\/wp\/v2\/pages\/511\/revisions\/1158"}],"wp:attachment":[{"href":"https:\/\/www.anfadahotel.com\/vi\/wp-json\/wp\/v2\/media?parent=511"}],"curies":[{"name":"wp","href":"https:\/\/api.w.org\/{rel}","templated":true}]}}