{"id":587,"date":"2025-09-04T20:48:08","date_gmt":"2025-09-04T20:48:08","guid":{"rendered":"https:\/\/www.anfadahotel.com\/?page_id=587"},"modified":"2025-10-03T16:32:10","modified_gmt":"2025-10-03T16:32:10","slug":"news-and-events","status":"publish","type":"page","link":"https:\/\/www.anfadahotel.com\/vi\/news-and-events\/","title":{"rendered":"NEWS"},"content":{"rendered":"<div class=\"wp-block-cover is-light\"><img loading=\"lazy\" decoding=\"async\" width=\"1024\" height=\"575\" class=\"wp-block-cover__image-background wp-image-590 size-large\" alt=\"\" src=\"https:\/\/www.anfadahotel.com\/wp-content\/uploads\/2025\/09\/485645641_1219616770167840_2736034774711596434_n-1024x575.jpg\" style=\"object-position:52% 71%\" data-object-fit=\"cover\" data-object-position=\"52% 71%\" srcset=\"https:\/\/www.anfadahotel.com\/wp-content\/uploads\/2025\/09\/485645641_1219616770167840_2736034774711596434_n-1024x575.jpg 1024w, https:\/\/www.anfadahotel.com\/wp-content\/uploads\/2025\/09\/485645641_1219616770167840_2736034774711596434_n-300x168.jpg 300w, https:\/\/www.anfadahotel.com\/wp-content\/uploads\/2025\/09\/485645641_1219616770167840_2736034774711596434_n-768x431.jpg 768w, https:\/\/www.anfadahotel.com\/wp-content\/uploads\/2025\/09\/485645641_1219616770167840_2736034774711596434_n-1536x863.jpg 1536w, https:\/\/www.anfadahotel.com\/wp-content\/uploads\/2025\/09\/485645641_1219616770167840_2736034774711596434_n.jpg 2048w\" sizes=\"auto, (max-width: 1024px) 100vw, 1024px\" \/><span aria-hidden=\"true\" class=\"wp-block-cover__background has-foreground-background-color has-background-dim\"><\/span><div class=\"wp-block-cover__inner-container is-layout-constrained wp-block-cover-is-layout-constrained\">\n<h2 class=\"wp-block-heading has-text-align-center has-light-color-color has-text-color has-link-color has-xx-large-font-size wp-elements-2889d482dfc7ffa82b625ef99423e5b6\"><strong>NEWS<\/strong><\/h2>\n<\/div><\/div>\n\n\n\n<div class=\"wp-block-group is-layout-constrained wp-container-core-group-is-layout-e5d03ee3 wp-block-group-is-layout-constrained\" style=\"margin-top:0;margin-bottom:0;padding-top:var(--wp--preset--spacing--70);padding-right:var(--wp--preset--spacing--40);padding-bottom:var(--wp--preset--spacing--70);padding-left:var(--wp--preset--spacing--40)\">\n<div class=\"wp-block-columns is-layout-flex wp-container-core-columns-is-layout-28f84493 wp-block-columns-is-layout-flex\">\n<div class=\"wp-block-column is-style-default is-layout-flow wp-block-column-is-layout-flow\" style=\"flex-basis:100%\"><div class=\"wp-block-latest-posts__list wp-elements-5b19d3d5a0f767969e50a06c1c4713ea wp-block-advanced-posts-listing-advanced-posts-listing-block has-text-color has-custom-blue-color has-normal-font-size\"><style>\r\n            .grid-layout {\r\n                gap: 30px 20px !important; \r\n            }\r\n\r\n            @media (min-width: 992px) {\r\n                .grid-layout {\r\n                    grid-template-columns: repeat(3, 1fr) !important;\r\n                }\r\n            }\r\n            \r\n            \/* For very large screens *\/\r\n            @media (min-width: 1200px) {\r\n                .grid-layout {\r\n                    grid-template-columns: repeat(3, 1fr) !important;\r\n                }\r\n            }\r\n            <\/style><div class=\"wep-root\" ><div class=\"grid-layout\" ><div class=\"wep-card\">    <div class=\"wep-card-img\"><img decoding=\"async\" src=\"https:\/\/www.anfadahotel.com\/wp-content\/uploads\/2025\/09\/best-time-to-go-danang-da-nang-weather-and-seasons-overview-of-da-nangs-climate-huynh-van-truyen-300x185.jpg\">        <span class=\"wep-chip\">Destinations<\/span>    <\/div><div class=\"wep-card-body\"><div class=\"wep-card-heading\">    <h4 class=\"wep-card-title\"  > <a href=\"https:\/\/www.anfadahotel.com\/vi\/2025\/09\/26\/da-nang-in-24-hours-eat-play-explore\/\">Du l\u1ecbch \u0110\u00e0 N\u1eb5ng trong 24h: \u0102n g\u00ec - L\u00e0m g\u00ec - \u0110i \u0111\u00e2u?<\/a>    <\/h4>    <div class=\"meta-data\" ><p>Th\u00e1ng 9 26, 2025 | Author: admin<\/p>    <\/div><\/div>    <div class=\"wep-card-text\" ><p>24 gi\u1edd \u1edf \u0110\u00e0 N\u1eb5ng l\u00e0 kho\u1ea3ng th\u1eddi gian kh\u00f4ng nhi\u1ec1u nh\u01b0ng v\u1eeba v\u1eb7n \u0111\u1ec3 b\u1ea1n v\u1eabn c\u00f3 th\u1ec3 tr\u1ea3i nghi\u1ec7m \u0111\u1ee7: t\u1eeb b\u00ecnh minh tr\u00ean b\u00e3i bi\u1ec3n M\u1ef9 Kh\u00ea, \u0111\u1ebfn chi\u1ec1u ng\u1eafm th\u00e0nh ph\u1ed1 t\u1eeb b\u00e1n \u0111\u1ea3o S\u01a1n Tr\u00e0...    <\/p><\/div><\/div>    <div class=\"wep-card-footer\">        <a target=\"_blank\" href=\"https:\/\/www.anfadahotel.com\/vi\/2025\/09\/26\/da-nang-in-24-hours-eat-play-explore\/\" class=\"wep-btn wep-btn-primary\">\u0110\u1ecdc th\u00eam<\/a>    <\/div><\/div><div class=\"wep-card\"><div class=\"wep-card-body\"><div class=\"wep-card-heading\">    <h4 class=\"wep-card-title\"  > <a href=\"https:\/\/www.anfadahotel.com\/vi\/2025\/08\/01\/thong-bao-thay-doi-ten-khach-san\/\">TH\u00d4NG B\u00c1O THAY \u0110\u1ed4I T\u00caN KH\u00c1CH S\u1ea0N<\/a>    <\/h4>    <div class=\"meta-data\" ><p>Th\u00e1ng 8 1, 2025 | Author: admin<\/p>    <\/div><\/div>    <div class=\"wep-card-text\" ><p>K\u00ednh g\u1eedi Qu\u00fd \u0110\u1ed1i t\u00e1c v\u00e0 Qu\u00fd Kh\u00e1ch h\u00e0ng, L\u1eddi \u0111\u1ea7u ti\u00ean, ch\u00fang t\u00f4i xin g\u1eedi l\u1eddi c\u1ea3m \u01a1n ch\u00e2n th\u00e0nh \u0111\u1ebfn Qu\u00fd \u0110\u1ed1i t\u00e1c v\u00e0 Qu\u00fd Kh\u00e1ch h\u00e0ng \u0111\u00e3    <\/p><\/div><\/div>    <div class=\"wep-card-footer\">        <a target=\"_blank\" href=\"https:\/\/www.anfadahotel.com\/vi\/2025\/08\/01\/thong-bao-thay-doi-ten-khach-san\/\" class=\"wep-btn wep-btn-primary\">\u0110\u1ecdc th\u00eam<\/a>    <\/div><\/div><\/div><\/div><\/div><\/div>\n<\/div>\n<\/div>","protected":false},"excerpt":{"rendered":"","protected":false},"author":1,"featured_media":0,"parent":0,"menu_order":0,"comment_status":"closed","ping_status":"closed","template":"fullwidth-page-template","meta":{"footnotes":""},"class_list":["post-587","page","type-page","status-publish","hentry"],"featured_image_url":[],"post_author":"admin","assigned_categories":"","_links":{"self":[{"href":"https:\/\/www.anfadahotel.com\/vi\/wp-json\/wp\/v2\/pages\/587","targetHints":{"allow":["GET"]}}],"collection":[{"href":"https:\/\/www.anfadahotel.com\/vi\/wp-json\/wp\/v2\/pages"}],"about":[{"href":"https:\/\/www.anfadahotel.com\/vi\/wp-json\/wp\/v2\/types\/page"}],"author":[{"embeddable":true,"href":"https:\/\/www.anfadahotel.com\/vi\/wp-json\/wp\/v2\/users\/1"}],"replies":[{"embeddable":true,"href":"https:\/\/www.anfadahotel.com\/vi\/wp-json\/wp\/v2\/comments?post=587"}],"version-history":[{"count":35,"href":"https:\/\/www.anfadahotel.com\/vi\/wp-json\/wp\/v2\/pages\/587\/revisions"}],"predecessor-version":[{"id":1242,"href":"https:\/\/www.anfadahotel.com\/vi\/wp-json\/wp\/v2\/pages\/587\/revisions\/1242"}],"wp:attachment":[{"href":"https:\/\/www.anfadahotel.com\/vi\/wp-json\/wp\/v2\/media?parent=587"}],"curies":[{"name":"wp","href":"https:\/\/api.w.org\/{rel}","templated":true}]}}