{"id":74,"date":"2025-09-01T08:37:35","date_gmt":"2025-09-01T08:37:35","guid":{"rendered":"https:\/\/www.anfadahotel.com\/?page_id=74"},"modified":"2025-09-27T02:55:01","modified_gmt":"2025-09-27T02:55:01","slug":"rooms-suites","status":"publish","type":"page","link":"https:\/\/www.anfadahotel.com\/vi\/rooms-suites\/","title":{"rendered":"Rooms &#038; Suites"},"content":{"rendered":"<div class=\"wp-block-cover is-light\"><img loading=\"lazy\" decoding=\"async\" width=\"1024\" height=\"683\" class=\"wp-block-cover__image-background wp-image-370 size-full\" alt=\"\" src=\"https:\/\/www.anfadahotel.com\/wp-content\/uploads\/2025\/09\/b8a987f22244d45532d4df976d6fa814.jpg.webp\" style=\"object-position:45% 64%\" data-object-fit=\"cover\" data-object-position=\"45% 64%\" srcset=\"https:\/\/www.anfadahotel.com\/wp-content\/uploads\/2025\/09\/b8a987f22244d45532d4df976d6fa814.jpg.webp 1024w, https:\/\/www.anfadahotel.com\/wp-content\/uploads\/2025\/09\/b8a987f22244d45532d4df976d6fa814.jpg-300x200.webp 300w, https:\/\/www.anfadahotel.com\/wp-content\/uploads\/2025\/09\/b8a987f22244d45532d4df976d6fa814.jpg-768x512.webp 768w\" sizes=\"auto, (max-width: 1024px) 100vw, 1024px\" \/><span aria-hidden=\"true\" class=\"wp-block-cover__background has-background-dim\" style=\"background-color:#b0acab\"><\/span><div class=\"wp-block-cover__inner-container is-layout-constrained wp-block-cover-is-layout-constrained\">\n<h1 class=\"wp-block-heading has-text-align-center has-light-color-color has-text-color has-link-color has-xx-large-font-size wp-elements-eab75fee25ad2375b70bdfbd2438fee6\"><strong>H\u1ea0NG PH\u00d2NG<\/strong><\/h1>\n<\/div><\/div>\n\n\n\n<div class=\"wp-block-group has-white-background-color has-background is-layout-constrained wp-container-core-group-is-layout-7a3688e9 wp-block-group-is-layout-constrained\">\n<h1 class=\"wp-block-heading\"><\/h1>\n\n\n\n<p><\/p>\n\n\n\n<div class=\"wp-block-cb-carousel-v2 cb-carousel-block\" data-cb-slides-per-view=\"1\" data-cb-slides-per-group=\"1\" data-cb-space-between=\"10\" data-cb-speed=\"150\" data-cb-navigation=\"true\" data-cb-pagination=\"true\" data-cb-loop=\"true\" data-cb-breakpoints=\"{&quot;100&quot;:{&quot;slidesPerView&quot;:2,&quot;slidesPerGroup&quot;:2}}\"><div class=\"swiper\"><div class=\"cb-wrapper swiper-wrapper\">\n<div class=\"wp-block-cb-slide-v2 cb-slide swiper-slide\">\n<figure class=\"wp-block-image size-large\"><img loading=\"lazy\" decoding=\"async\" width=\"1024\" height=\"682\" src=\"https:\/\/www.anfadahotel.com\/wp-content\/uploads\/2025\/09\/MX2A1231_HDR-Custom-Custom-2-1024x682.jpg\" alt=\"\" class=\"wp-image-80\" srcset=\"https:\/\/www.anfadahotel.com\/wp-content\/uploads\/2025\/09\/MX2A1231_HDR-Custom-Custom-2-1024x682.jpg 1024w, https:\/\/www.anfadahotel.com\/wp-content\/uploads\/2025\/09\/MX2A1231_HDR-Custom-Custom-2-300x200.jpg 300w\" sizes=\"auto, (max-width: 1024px) 100vw, 1024px\" \/><\/figure>\n\n\n\n<p><\/p>\n\n\n\n<h2 class=\"wp-block-heading has-large-font-size\"><strong><mark style=\"background-color:rgba(0, 0, 0, 0)\" class=\"has-inline-color has-custom-blue-color\">LUXURY KING SEA VIEW<\/mark> <\/strong><\/h2>\n\n\n\n<p>Ph\u00f2ng Luxury King Sea View s\u1edf h\u1eefu c\u1eeda s\u1ed5 l\u1edbn h\u01b0\u1edbng bi\u1ec3n, mang \u0111\u1ebfn t\u1ea7m nh\u00ecn tuy\u1ec7t \u0111\u1eb9p ra b\u00e3i bi\u1ec3n \u0110\u00e0 N\u1eb5ng. Thi\u1ebft k\u1ebf n\u1ed9i th\u1ea5t tinh t\u1ebf k\u1ebft h\u1ee3p h\u00e0i h\u00f2a gi\u1eefa s\u1ef1 tho\u1ea3i m\u00e1i v\u00e0 sang tr\u1ecdng, t\u1ea1o n\u00ean kh\u00f4ng gian \u1ea5m c\u00fang v\u00e0 thanh l\u1ecbch. \u0110\u00e2y l\u00e0 l\u1ef1a ch\u1ecdn ho\u00e0n h\u1ea3o cho nh\u1eefng du kh\u00e1ch t\u00ecm ki\u1ebfm tr\u1ea3i nghi\u1ec7m ngh\u1ec9 d\u01b0\u1ee1ng \u0111\u1eb3ng c\u1ea5p h\u00f2a c\u00f9ng v\u1ebb \u0111\u1eb9p t\u1ef1 nhi\u00ean c\u1ee7a bi\u1ec3n c\u1ea3.<\/p>\n\n\n\n<div class=\"wp-block-buttons is-layout-flex wp-block-buttons-is-layout-flex\">\n<div class=\"wp-block-button has-custom-width wp-block-button__width-25 is-style-fill\"><a class=\"wp-block-button__link has-light-color-color has-custom-background-color has-text-color has-background has-link-color has-normal-font-size has-custom-font-size wp-element-button\" href=\"https:\/\/www.anfadahotel.com\/vi\/rooms-suites\/luxury-king-sea-view\/\" style=\"border-style:none;border-width:0px;border-radius:0px;padding-top:var(--wp--preset--spacing--20);padding-right:0;padding-bottom:var(--wp--preset--spacing--20);padding-left:0\"><strong>Xem Th\u00eam<\/strong><\/a><\/div>\n<\/div>\n<\/div>\n\n\n\n<div class=\"wp-block-cb-slide-v2 cb-slide swiper-slide\">\n<figure class=\"wp-block-image size-full\"><img loading=\"lazy\" decoding=\"async\" width=\"1024\" height=\"683\" src=\"https:\/\/www.anfadahotel.com\/wp-content\/uploads\/2025\/09\/6ede254447dc8417137575254ec85496.jpg.webp\" alt=\"\" class=\"wp-image-83\" srcset=\"https:\/\/www.anfadahotel.com\/wp-content\/uploads\/2025\/09\/6ede254447dc8417137575254ec85496.jpg.webp 1024w, https:\/\/www.anfadahotel.com\/wp-content\/uploads\/2025\/09\/6ede254447dc8417137575254ec85496.jpg-300x200.webp 300w, https:\/\/www.anfadahotel.com\/wp-content\/uploads\/2025\/09\/6ede254447dc8417137575254ec85496.jpg-768x512.webp 768w\" sizes=\"auto, (max-width: 1024px) 100vw, 1024px\" \/><\/figure>\n\n\n\n<p><\/p>\n\n\n\n<h2 class=\"wp-block-heading has-large-font-size\"><strong><mark style=\"background-color:rgba(0, 0, 0, 0)\" class=\"has-inline-color has-custom-blue-color\">DELUXE DOUBLE PARTIAL SEA VIEW <\/mark><\/strong><\/h2>\n\n\n\n<p>Ph\u00f2ng Deluxe Double Partial Sea View \u0111\u01b0\u1ee3c trang b\u1ecb 1 gi\u01b0\u1eddng \u0111\u00f4i c\u1ee1 l\u1edbn, c\u00f9ng c\u1eeda s\u1ed5 v\u1edbi view h\u01b0\u1edbng bi\u1ec3n v\u1eeba h\u01b0\u1edbng th\u00e0nh ph\u1ed1. \u0110\u00e2y l\u00e0 l\u1ef1a ch\u1ecdn l\u00fd t\u01b0\u1edfng cho nh\u1eefng du kh\u00e1ch mong mu\u1ed1n s\u1ef1 tho\u1ea3i m\u00e1i v\u00e0 m\u1ed9t chuy\u1ebfn \u0111i bi\u1ec3n kh\u00f3 qu\u00ean.<\/p>\n\n\n\n<div class=\"wp-block-buttons is-layout-flex wp-block-buttons-is-layout-flex\">\n<div class=\"wp-block-button has-custom-width wp-block-button__width-25 is-style-fill\"><a class=\"wp-block-button__link has-light-color-color has-custom-background-color has-text-color has-background has-link-color has-normal-font-size has-custom-font-size wp-element-button\" href=\"https:\/\/www.anfadahotel.com\/vi\/rooms-suites\/deluxe-double-partial-sea-view\/\" style=\"border-style:none;border-width:0px;border-radius:0px;padding-top:var(--wp--preset--spacing--20);padding-right:0;padding-bottom:var(--wp--preset--spacing--20);padding-left:0\"><strong>Xem Th\u00eam<\/strong><\/a><\/div>\n<\/div>\n<\/div>\n\n\n\n<div class=\"wp-block-cb-slide-v2 cb-slide swiper-slide\">\n<figure class=\"wp-block-image size-full\"><img loading=\"lazy\" decoding=\"async\" width=\"1024\" height=\"683\" src=\"https:\/\/www.anfadahotel.com\/wp-content\/uploads\/2025\/09\/96300961.jpg\" alt=\"\" class=\"wp-image-84\" srcset=\"https:\/\/www.anfadahotel.com\/wp-content\/uploads\/2025\/09\/96300961.jpg 1024w, https:\/\/www.anfadahotel.com\/wp-content\/uploads\/2025\/09\/96300961-300x200.jpg 300w, https:\/\/www.anfadahotel.com\/wp-content\/uploads\/2025\/09\/96300961-768x512.jpg 768w\" sizes=\"auto, (max-width: 1024px) 100vw, 1024px\" \/><\/figure>\n\n\n\n<p><\/p>\n\n\n\n<h2 class=\"wp-block-heading has-large-font-size\"><strong>DELUXE TWIN PARTIAL SEA VIEW<\/strong><\/h2>\n\n\n\n<p>Ph\u00f2ng Deluxe Twin Partial Sea View \u0111\u01b0\u1ee3c trang b\u1ecb 2 gi\u01b0\u1eddng \u0111\u01a1n \u00eam \u00e1i, v\u1edbi c\u1eeda s\u1ed5 view bi\u1ec3n v\u00e0 th\u00e0nh ph\u1ed1 s\u00f4i \u0111\u1ed9ng. \u0110\u00e2y l\u00e0 l\u1ef1a ch\u1ecdn ho\u00e0n h\u1ea3o cho nh\u1eefng du kh\u00e1ch mong mu\u1ed1n s\u1ef1 tho\u1ea3i m\u00e1i c\u00f9ng m\u1ed9t k\u1ef3 ngh\u1ec9 \u0111\u00e1ng nh\u1edb.<\/p>\n\n\n\n<div class=\"wp-block-buttons is-layout-flex wp-block-buttons-is-layout-flex\">\n<div class=\"wp-block-button has-custom-width wp-block-button__width-25 is-style-fill\"><a class=\"wp-block-button__link has-light-color-color has-custom-background-color has-text-color has-background has-link-color has-normal-font-size has-custom-font-size wp-element-button\" href=\"https:\/\/www.anfadahotel.com\/vi\/rooms-suites\/deluxe-twin-partial-sea-view\/\" style=\"border-style:none;border-width:0px;border-radius:0px;padding-top:var(--wp--preset--spacing--20);padding-right:0;padding-bottom:var(--wp--preset--spacing--20);padding-left:0\"><strong>Xem Th\u00eam<\/strong><\/a><\/div>\n<\/div>\n<\/div>\n\n\n\n<div class=\"wp-block-cb-slide-v2 cb-slide swiper-slide\">\n<figure class=\"wp-block-image size-full\"><img loading=\"lazy\" decoding=\"async\" width=\"1024\" height=\"683\" src=\"https:\/\/www.anfadahotel.com\/wp-content\/uploads\/2025\/09\/7234d2ca48d9f817e1c7b9b20f615f8d.jpg.webp\" alt=\"\" class=\"wp-image-88\" srcset=\"https:\/\/www.anfadahotel.com\/wp-content\/uploads\/2025\/09\/7234d2ca48d9f817e1c7b9b20f615f8d.jpg.webp 1024w, https:\/\/www.anfadahotel.com\/wp-content\/uploads\/2025\/09\/7234d2ca48d9f817e1c7b9b20f615f8d.jpg-300x200.webp 300w, https:\/\/www.anfadahotel.com\/wp-content\/uploads\/2025\/09\/7234d2ca48d9f817e1c7b9b20f615f8d.jpg-768x512.webp 768w\" sizes=\"auto, (max-width: 1024px) 100vw, 1024px\" \/><\/figure>\n\n\n\n<p><\/p>\n\n\n\n<h2 class=\"wp-block-heading has-large-font-size\"><strong>DELUXE DOUBLE CITY VIEW<\/strong><\/h2>\n\n\n\n<p>Ph\u00f2ng Deluxe Double City View \u0111\u01b0\u1ee3c trang b\u1ecb gi\u01b0\u1eddng \u0111\u00f4i c\u1ee1 l\u1edbn \u00eam \u00e1i c\u00f9ng n\u1ed9i th\u1ea5t trang nh\u00e3, mang \u0111\u1ebfn kh\u00f4ng gian l\u01b0u tr\u00fa tinh t\u1ebf. C\u1eeda s\u1ed5 view th\u00e0nh ph\u1ed1 \u0110\u00e0 N\u1eb5ng s\u00f4i \u0111\u1ed9ng, \u0111\u01b0a v\u1ebb \u0111\u1eb9p \u0111\u00f4 th\u1ecb v\u00e0o ngay trong ph\u00f2ng. \u0110\u00e2y l\u00e0 l\u1ef1a ch\u1ecdn l\u00fd t\u01b0\u1edfng cho du kh\u00e1ch t\u00ecm ki\u1ebfm s\u1ef1 tho\u1ea3i m\u00e1i v\u00e0 m\u1ed9t k\u1ef3 ngh\u1ec9 phong c\u00e1ch gi\u1eefa l\u00f2ng th\u00e0nh ph\u1ed1. <\/p>\n\n\n\n<div class=\"wp-block-buttons is-layout-flex wp-block-buttons-is-layout-flex\">\n<div class=\"wp-block-button has-custom-width wp-block-button__width-25 is-style-fill\"><a class=\"wp-block-button__link has-light-color-color has-custom-background-color has-text-color has-background has-link-color has-normal-font-size has-custom-font-size wp-element-button\" href=\"https:\/\/www.anfadahotel.com\/vi\/rooms-suites\/deluxe-double-city-view\/\" style=\"border-style:none;border-width:0px;border-radius:0px;padding-top:var(--wp--preset--spacing--20);padding-right:0;padding-bottom:var(--wp--preset--spacing--20);padding-left:0\"><strong>Xem Th\u00eam<\/strong><\/a><\/div>\n<\/div>\n<\/div>\n\n\n\n<div class=\"wp-block-cb-slide-v2 cb-slide swiper-slide\">\n<figure class=\"wp-block-image size-full\"><img loading=\"lazy\" decoding=\"async\" width=\"1024\" height=\"683\" src=\"https:\/\/www.anfadahotel.com\/wp-content\/uploads\/2025\/08\/401150043.jpg\" alt=\"\" class=\"wp-image-382\" srcset=\"https:\/\/www.anfadahotel.com\/wp-content\/uploads\/2025\/08\/401150043.jpg 1024w, https:\/\/www.anfadahotel.com\/wp-content\/uploads\/2025\/08\/401150043-300x200.jpg 300w, https:\/\/www.anfadahotel.com\/wp-content\/uploads\/2025\/08\/401150043-768x512.jpg 768w\" sizes=\"auto, (max-width: 1024px) 100vw, 1024px\" \/><\/figure>\n\n\n\n<p><\/p>\n\n\n\n<h2 class=\"wp-block-heading has-large-font-size\"><strong>DELUXE TWIN CITY VIEW<\/strong><\/h2>\n\n\n\n<p>Ph\u00f2ng Deluxe Double City View \u0111\u01b0\u1ee3c trang b\u1ecb 2 gi\u01b0\u1eddng \u0111\u01a1n c\u00f9ng thi\u1ebft k\u1ebf n\u1ed9i th\u1ea5t trang nh\u00e3, mang \u0111\u1ebfn kh\u00f4ng gian l\u01b0u tr\u00fa tinh t\u1ebf v\u00e0 tho\u1ea3i m\u00e1i. C\u1eeda s\u1ed5 view c\u1ea3nh th\u00e0nh ph\u1ed1 \u0110\u00e0 N\u1eb5ng s\u00f4i \u0111\u1ed9ng, \u0111\u01b0a h\u01a1i th\u1edf \u0111\u00f4 th\u1ecb tr\u00e0n ng\u1eadp c\u0103n ph\u00f2ng. \u0110\u00e2y l\u00e0 l\u1ef1a ch\u1ecdn ho\u00e0n h\u1ea3o cho du kh\u00e1ch mong mu\u1ed1n m\u1ed9t k\u1ef3 ngh\u1ec9 ti\u1ec7n nghi v\u00e0 phong c\u00e1ch ngay gi\u1eefa l\u00f2ng th\u00e0nh ph\u1ed1. <\/p>\n\n\n\n<div class=\"wp-block-buttons is-layout-flex wp-block-buttons-is-layout-flex\">\n<div class=\"wp-block-button has-custom-width wp-block-button__width-25 is-style-fill\"><a class=\"wp-block-button__link has-light-color-color has-custom-background-color has-text-color has-background has-link-color has-normal-font-size has-custom-font-size wp-element-button\" href=\"https:\/\/www.anfadahotel.com\/vi\/rooms-suites\/deluxe-twin-city-view\/\" style=\"border-style:none;border-width:0px;border-radius:0px;padding-top:var(--wp--preset--spacing--20);padding-right:0;padding-bottom:var(--wp--preset--spacing--20);padding-left:0\"><strong>Xem Th\u00eam<\/strong><\/a><\/div>\n<\/div>\n<\/div>\n\n\n\n<div class=\"wp-block-cb-slide-v2 cb-slide swiper-slide\">\n<figure class=\"wp-block-image size-full\"><img loading=\"lazy\" decoding=\"async\" width=\"1024\" height=\"682\" src=\"https:\/\/www.anfadahotel.com\/wp-content\/uploads\/2025\/09\/6b44566decc23dda61dc7113939712da.jpg.webp\" alt=\"\" class=\"wp-image-91\" srcset=\"https:\/\/www.anfadahotel.com\/wp-content\/uploads\/2025\/09\/6b44566decc23dda61dc7113939712da.jpg.webp 1024w, https:\/\/www.anfadahotel.com\/wp-content\/uploads\/2025\/09\/6b44566decc23dda61dc7113939712da.jpg-300x200.webp 300w, https:\/\/www.anfadahotel.com\/wp-content\/uploads\/2025\/09\/6b44566decc23dda61dc7113939712da.jpg-768x512.webp 768w\" sizes=\"auto, (max-width: 1024px) 100vw, 1024px\" \/><\/figure>\n\n\n\n<p><\/p>\n\n\n\n<h2 class=\"wp-block-heading has-large-font-size\"><strong><mark style=\"background-color:rgba(0, 0, 0, 0)\" class=\"has-inline-color has-custom-blue-color\">DELUXE FAMILY<\/mark> <\/strong><\/h2>\n\n\n\n<p>Ph\u00f2ng Deluxe Family v\u1edbi 1 gi\u01b0\u1eddng \u0111\u00f4i v\u00e0 1 gi\u01b0\u1eddng \u0111\u01a1n l\u00e0 l\u1ef1a ch\u1ecdn l\u00fd t\u01b0\u1edfng cho c\u00e1c gia \u0111\u00ecnh ho\u1eb7c nh\u00f3m nh\u1ecf mong mu\u1ed1n s\u1ef1 tho\u1ea3i m\u00e1i v\u00e0 g\u1eafn k\u1ebft. C\u1eeda s\u1ed5 r\u1ed9ng m\u1edf ra khung c\u1ea3nh th\u00e0nh ph\u1ed1 \u0110\u00e0 N\u1eb5ng s\u00f4i \u0111\u1ed9ng, h\u00f2a quy\u1ec7n s\u1ef1 \u1ea5m \u00e1p c\u00f9ng ti\u1ec7n nghi hi\u1ec7n \u0111\u1ea1i. Kh\u00f4ng gian \u1ea5m c\u00fang n\u00e0y mang \u0111\u1ebfn cho m\u1ed7i v\u1ecb kh\u00e1ch m\u1ed9t k\u1ef3 ngh\u1ec9 \u0111\u00e1ng nh\u1edb.<\/p>\n\n\n\n<div class=\"wp-block-buttons is-layout-flex wp-block-buttons-is-layout-flex\">\n<div class=\"wp-block-button has-custom-width wp-block-button__width-25 is-style-fill\"><a class=\"wp-block-button__link has-light-color-color has-custom-background-color has-text-color has-background has-link-color has-normal-font-size has-custom-font-size wp-element-button\" href=\"https:\/\/www.anfadahotel.com\/vi\/rooms-suites\/deluxe-family\/\" style=\"border-style:none;border-width:0px;border-radius:0px;padding-top:var(--wp--preset--spacing--20);padding-right:0;padding-bottom:var(--wp--preset--spacing--20);padding-left:0\"><strong>Xem Th\u00eam<\/strong><\/a><\/div>\n<\/div>\n<\/div>\n\n\n\n<div class=\"wp-block-cb-slide-v2 cb-slide swiper-slide\">\n<figure class=\"wp-block-image size-full\"><img loading=\"lazy\" decoding=\"async\" width=\"1024\" height=\"683\" src=\"https:\/\/www.anfadahotel.com\/wp-content\/uploads\/2025\/09\/401170438.jpg\" alt=\"\" class=\"wp-image-92\" srcset=\"https:\/\/www.anfadahotel.com\/wp-content\/uploads\/2025\/09\/401170438.jpg 1024w, https:\/\/www.anfadahotel.com\/wp-content\/uploads\/2025\/09\/401170438-300x200.jpg 300w, https:\/\/www.anfadahotel.com\/wp-content\/uploads\/2025\/09\/401170438-768x512.jpg 768w\" sizes=\"auto, (max-width: 1024px) 100vw, 1024px\" \/><\/figure>\n\n\n\n<p><\/p>\n\n\n\n<h2 class=\"wp-block-heading has-large-font-size\"><strong>FAMILY TRIPLE<\/strong><\/h2>\n\n\n\n<p>Ph\u00f2ng Family Triple v\u1edbi 1 gi\u01b0\u1eddng \u0111\u00f4i v\u00e0 1 gi\u01b0\u1eddng \u0111\u01a1n l\u00e0 l\u1ef1a ch\u1ecdn ho\u00e0n h\u1ea3o cho gia \u0111\u00ecnh ho\u1eb7c nh\u00f3m nh\u1ecf mong mu\u1ed1n s\u1ef1 tho\u1ea3i m\u00e1i v\u00e0 g\u1eafn k\u1ebft. C\u1eeda s\u1ed5 view th\u00e0nh ph\u1ed1 \u0110\u00e0 N\u1eb5ng nh\u1ed9n nh\u1ecbp, k\u1ebft h\u1ee3p h\u00e0i h\u00f2a gi\u1eefa s\u1ef1 \u1ea5m \u00e1p v\u00e0 ti\u1ec7n nghi hi\u1ec7n \u0111\u1ea1i.<\/p>\n\n\n\n<div class=\"wp-block-buttons is-layout-flex wp-block-buttons-is-layout-flex\">\n<div class=\"wp-block-button has-custom-width wp-block-button__width-25 is-style-fill\"><a class=\"wp-block-button__link has-light-color-color has-custom-background-color has-text-color has-background has-link-color has-normal-font-size has-custom-font-size wp-element-button\" href=\"https:\/\/www.anfadahotel.com\/vi\/rooms-suites\/family-triple\/\" style=\"border-style:none;border-width:0px;border-radius:0px;padding-top:var(--wp--preset--spacing--20);padding-right:0;padding-bottom:var(--wp--preset--spacing--20);padding-left:0\"><strong>Xem Th\u00eam<\/strong><\/a><\/div>\n<\/div>\n<\/div>\n\n\n\n<div class=\"wp-block-cb-slide-v2 cb-slide swiper-slide\">\n<figure class=\"wp-block-image size-full\"><img loading=\"lazy\" decoding=\"async\" width=\"1024\" height=\"683\" src=\"https:\/\/www.anfadahotel.com\/wp-content\/uploads\/2025\/09\/0601e0be08a931abf522b4e9f01690cc.jpg.webp\" alt=\"\" class=\"wp-image-93\" srcset=\"https:\/\/www.anfadahotel.com\/wp-content\/uploads\/2025\/09\/0601e0be08a931abf522b4e9f01690cc.jpg.webp 1024w, https:\/\/www.anfadahotel.com\/wp-content\/uploads\/2025\/09\/0601e0be08a931abf522b4e9f01690cc.jpg-300x200.webp 300w, https:\/\/www.anfadahotel.com\/wp-content\/uploads\/2025\/09\/0601e0be08a931abf522b4e9f01690cc.jpg-768x512.webp 768w\" sizes=\"auto, (max-width: 1024px) 100vw, 1024px\" \/><\/figure>\n\n\n\n<p><\/p>\n\n\n\n<h2 class=\"wp-block-heading has-large-font-size\"><strong>APARTMENT<\/strong><\/h2>\n\n\n\n<p>C\u0103n h\u1ed9 to\u1ea1 l\u1ea1c tr\u00ean t\u1ea7ng 15 mang \u0111\u1ebfn kh\u00f4ng gian ngh\u1ec9 d\u01b0\u1ee1ng ri\u00eang t\u01b0 v\u1edbi t\u1ea7m nh\u00ecn to\u00e0n c\u1ea3nh tuy\u1ec7t \u0111\u1eb9p. \u0110\u01b0\u1ee3c thi\u1ebft k\u1ebf d\u00e0nh cho gia \u0111\u00ecnh ho\u1eb7c nh\u00f3m nh\u1ecf, c\u0103n h\u1ed9 g\u1ed3m 2 ph\u00f2ng ng\u1ee7 r\u1ed9ng r\u00e3i, khu b\u1ebfp v\u00e0 ph\u00f2ng kh\u00e1ch \u1ea5m c\u00fang, trang b\u1ecb \u0111\u1ea7y \u0111\u1ee7 ti\u1ec7n nghi, tho\u1ea3i m\u00e1i v\u00e0 phong c\u00e1ch. <\/p>\n\n\n\n<div class=\"wp-block-buttons is-layout-flex wp-block-buttons-is-layout-flex\">\n<div class=\"wp-block-button has-custom-width wp-block-button__width-25 is-style-fill\"><a class=\"wp-block-button__link has-light-color-color has-custom-background-color has-text-color has-background has-link-color has-normal-font-size has-custom-font-size wp-element-button\" href=\"https:\/\/www.anfadahotel.com\/vi\/rooms-suites\/apartment\/\" style=\"border-style:none;border-width:0px;border-radius:0px;padding-top:var(--wp--preset--spacing--20);padding-right:0;padding-bottom:var(--wp--preset--spacing--20);padding-left:0\"><strong>Xem Th\u00eam<\/strong><\/a><\/div>\n<\/div>\n<\/div>\n\n\n\n<div class=\"wp-block-cb-slide-v2 cb-slide swiper-slide\">\n<figure class=\"wp-block-image size-full\"><img loading=\"lazy\" decoding=\"async\" width=\"1024\" height=\"683\" src=\"https:\/\/www.anfadahotel.com\/wp-content\/uploads\/2025\/08\/680685330.jpg\" alt=\"\" class=\"wp-image-424\" srcset=\"https:\/\/www.anfadahotel.com\/wp-content\/uploads\/2025\/08\/680685330.jpg 1024w, https:\/\/www.anfadahotel.com\/wp-content\/uploads\/2025\/08\/680685330-300x200.jpg 300w, https:\/\/www.anfadahotel.com\/wp-content\/uploads\/2025\/08\/680685330-768x512.jpg 768w\" sizes=\"auto, (max-width: 1024px) 100vw, 1024px\" \/><\/figure>\n\n\n\n<p><\/p>\n\n\n\n<h2 class=\"wp-block-heading has-large-font-size\"><strong>SUPERIOR DOUBLE<\/strong><\/h2>\n\n\n\n<p>Ph\u00f2ng Superior Double \u0111\u01b0\u1ee3c trang b\u1ecb 1 gi\u01b0\u1eddng \u0111\u00f4i  c\u00f9ng \u0111\u1ea7y \u0111\u1ee7 ti\u1ec7n nghi thi\u1ebft y\u1ebfu, mang \u0111\u1ebfn tr\u1ea3i nghi\u1ec7m l\u01b0u tr\u00fa tho\u1ea3i m\u00e1i. V\u1edbi thi\u1ebft k\u1ebf ch\u00fa tr\u1ecdng s\u1ef1 ti\u1ec7n d\u1ee5ng, \u0111\u00e2y l\u00e0 l\u1ef1a ch\u1ecdn l\u00fd t\u01b0\u1edfng cho du kh\u00e1ch t\u00ecm ki\u1ebfm k\u1ef3 ngh\u1ec9 \u0111\u01a1n gi\u1ea3n, ti\u1ebft ki\u1ec7m nh\u01b0ng v\u1eabn d\u1ec5 ch\u1ecbu t\u1ea1i \u0110\u00e0 N\u1eb5ng. <\/p>\n\n\n\n<div class=\"wp-block-buttons is-layout-flex wp-block-buttons-is-layout-flex\">\n<div class=\"wp-block-button has-custom-width wp-block-button__width-25 is-style-fill\"><a class=\"wp-block-button__link has-light-color-color has-custom-background-color has-text-color has-background has-link-color has-normal-font-size has-custom-font-size wp-element-button\" href=\"https:\/\/www.anfadahotel.com\/vi\/rooms-suites\/superior-double\/\" style=\"border-style:none;border-width:0px;border-radius:0px;padding-top:var(--wp--preset--spacing--20);padding-right:0;padding-bottom:var(--wp--preset--spacing--20);padding-left:0\"><strong>Xem Th\u00eam<\/strong><\/a><\/div>\n<\/div>\n<\/div>\n\n\n\n<div class=\"wp-block-cb-slide-v2 cb-slide swiper-slide\">\n<figure class=\"wp-block-image size-large\"><img loading=\"lazy\" decoding=\"async\" width=\"1024\" height=\"683\" src=\"https:\/\/www.anfadahotel.com\/wp-content\/uploads\/2025\/09\/PRIN0329-HDR-2-2-1-1024x683.jpg\" alt=\"\" class=\"wp-image-253\" srcset=\"https:\/\/www.anfadahotel.com\/wp-content\/uploads\/2025\/09\/PRIN0329-HDR-2-2-1-1024x683.jpg 1024w, https:\/\/www.anfadahotel.com\/wp-content\/uploads\/2025\/09\/PRIN0329-HDR-2-2-1-300x200.jpg 300w, https:\/\/www.anfadahotel.com\/wp-content\/uploads\/2025\/09\/PRIN0329-HDR-2-2-1-768x512.jpg 768w, https:\/\/www.anfadahotel.com\/wp-content\/uploads\/2025\/09\/PRIN0329-HDR-2-2-1-1536x1024.jpg 1536w, https:\/\/www.anfadahotel.com\/wp-content\/uploads\/2025\/09\/PRIN0329-HDR-2-2-1-2048x1365.jpg 2048w\" sizes=\"auto, (max-width: 1024px) 100vw, 1024px\" \/><\/figure>\n\n\n\n<p><\/p>\n\n\n\n<h2 class=\"wp-block-heading has-large-font-size\"><strong>SUPERIOR TWIN<\/strong><\/h2>\n\n\n\n<p>Ph\u00f2ng Superior Double \u0111\u01b0\u1ee3c trang b\u1ecb 2 gi\u01b0\u1eddng \u0111\u01a1n c\u00f9ng \u0111\u1ea7y \u0111\u1ee7 ti\u1ec7n nghi thi\u1ebft y\u1ebfu, mang \u0111\u1ebfn tr\u1ea3i nghi\u1ec7m l\u01b0u tr\u00fa tho\u1ea3i m\u00e1i. V\u1edbi thi\u1ebft k\u1ebf ch\u00fa tr\u1ecdng s\u1ef1 ti\u1ec7n d\u1ee5ng, \u0111\u00e2y l\u00e0 l\u1ef1a ch\u1ecdn l\u00fd t\u01b0\u1edfng cho du kh\u00e1ch t\u00ecm ki\u1ebfm k\u1ef3 ngh\u1ec9 \u0111\u01a1n gi\u1ea3n, ti\u1ebft ki\u1ec7m nh\u01b0ng v\u1eabn d\u1ec5 ch\u1ecbu t\u1ea1i \u0110\u00e0 N\u1eb5ng. <\/p>\n\n\n\n<div class=\"wp-block-buttons is-layout-flex wp-block-buttons-is-layout-flex\">\n<div class=\"wp-block-button has-custom-width wp-block-button__width-25 is-style-fill\"><a class=\"wp-block-button__link has-light-color-color has-custom-background-color has-text-color has-background has-link-color has-normal-font-size has-custom-font-size wp-element-button\" href=\"https:\/\/www.anfadahotel.com\/vi\/rooms-suites\/superior-twin\/\" style=\"border-style:none;border-width:0px;border-radius:0px;padding-top:var(--wp--preset--spacing--20);padding-right:0;padding-bottom:var(--wp--preset--spacing--20);padding-left:0\"><strong>Xem Th\u00eam<\/strong><\/a><\/div>\n<\/div>\n<\/div>\n<\/div><\/div><div class=\"cb-pagination swiper-pagination\"><\/div><div class=\"cb-button-prev swiper-button-prev\"><\/div><div class=\"cb-button-next swiper-button-next\"><\/div><\/div>\n<\/div>","protected":false},"excerpt":{"rendered":"","protected":false},"author":1,"featured_media":0,"parent":0,"menu_order":0,"comment_status":"closed","ping_status":"closed","template":"fullwidth-page-template","meta":{"footnotes":""},"class_list":["post-74","page","type-page","status-publish","hentry"],"featured_image_url":[],"post_author":"admin","assigned_categories":"","_links":{"self":[{"href":"https:\/\/www.anfadahotel.com\/vi\/wp-json\/wp\/v2\/pages\/74","targetHints":{"allow":["GET"]}}],"collection":[{"href":"https:\/\/www.anfadahotel.com\/vi\/wp-json\/wp\/v2\/pages"}],"about":[{"href":"https:\/\/www.anfadahotel.com\/vi\/wp-json\/wp\/v2\/types\/page"}],"author":[{"embeddable":true,"href":"https:\/\/www.anfadahotel.com\/vi\/wp-json\/wp\/v2\/users\/1"}],"replies":[{"embeddable":true,"href":"https:\/\/www.anfadahotel.com\/vi\/wp-json\/wp\/v2\/comments?post=74"}],"version-history":[{"count":14,"href":"https:\/\/www.anfadahotel.com\/vi\/wp-json\/wp\/v2\/pages\/74\/revisions"}],"predecessor-version":[{"id":1155,"href":"https:\/\/www.anfadahotel.com\/vi\/wp-json\/wp\/v2\/pages\/74\/revisions\/1155"}],"wp:attachment":[{"href":"https:\/\/www.anfadahotel.com\/vi\/wp-json\/wp\/v2\/media?parent=74"}],"curies":[{"name":"wp","href":"https:\/\/api.w.org\/{rel}","templated":true}]}}